{"id":3,"date":"2023-06-24T03:22:02","date_gmt":"2023-06-24T03:22:02","guid":{"rendered":"https:\/\/travortour.com\/?page_id=3"},"modified":"2024-11-12T12:15:28","modified_gmt":"2024-11-12T12:15:28","slug":"terms-conditions","status":"publish","type":"page","link":"https:\/\/travortour.com\/es_es\/terms-conditions\/","title":{"rendered":"T\u00e9rminos y condiciones"},"content":{"rendered":"\t\t<div data-elementor-type=\"wp-page\" data-elementor-id=\"3\" class=\"elementor elementor-3\">\n\t\t\t\t\t\t<section class=\"elementor-section elementor-top-section elementor-element elementor-element-8b30782 elementor-section-boxed elementor-section-height-default elementor-section-height-default\" data-id=\"8b30782\" data-element_type=\"section\" data-e-type=\"section\">\n\t\t\t\t\t\t<div class=\"elementor-container elementor-column-gap-default\">\n\t\t\t\t\t<div class=\"elementor-column elementor-col-100 elementor-top-column elementor-element elementor-element-3db46535\" data-id=\"3db46535\" data-element_type=\"column\" data-e-type=\"column\">\n\t\t\t<div class=\"elementor-widget-wrap elementor-element-populated\">\n\t\t\t\t\t\t<div class=\"elementor-element elementor-element-315f4bcc elementor-widget elementor-widget-text-editor\" data-id=\"315f4bcc\" data-element_type=\"widget\" data-e-type=\"widget\" data-widget_type=\"text-editor.default\">\n\t\t\t\t<div class=\"elementor-widget-container\">\n\t\t\t\t\t\t\t\t\t<p><\/p>\n<p style=\"font-size: 25px; text-align: justify;\"><span style=\"color: #000000;\"><strong>\u00a0 Su reserva y pago: \u00a0\u00a0<\/strong><\/span><\/p>\n<p style=\"text-align: justify;\"><span style=\"color: #000000;\"><\/span><\/p>\n<p style=\"text-align: justify;\"><span style=\"color: #000000;\"><\/span><\/p>\n<p>&#8211; Para asegurar su reserva, debe notificar a TRAVOR su solicitud. Un agente de la empresa se comunicar\u00e1 con usted para discutir y finalizar los arreglos con usted, y le proporcionar\u00e1 un itinerario para la confirmaci\u00f3n final. Debe confirmar estos detalles y pagar el dep\u00f3sito acordado.<\/p>\n<p>&#8211; TRAVOR necesita un dep\u00f3sito del 25% del precio total del paquete pagado al momento de la confirmaci\u00f3n del viaje. El resto del pago debe realizarse 06 semanas antes del viaje.<\/p>\n<p>&#8211; Cualquier ajuste realizado a la reserva original est\u00e1 sujeto a disponibilidad.<\/p>\n<p>&#8211; Para reservas de \u00faltimo momento realizadas dentro de los 07 d\u00edas de la fecha del viaje, el pago total debe pagarse al momento de la confirmaci\u00f3n.<\/p>\n<p>&#8211; Las reservas de excursiones deben realizarse 48 horas antes de la fecha de la excursi\u00f3n, y el pago total debe pagarse al momento de la confirmaci\u00f3n.<\/p>\n<p>&#8211; Si el cliente tiene alguna solicitud especial, debe notificar a la empresa al hacer la reserva. TRAVOR y sus proveedores har\u00e1n todo lo posible para satisfacer dichas solicitudes, pero como no forman parte del contrato, la empresa no puede garantizar que lo har\u00e1n.<\/p>\n<p>&#8211; Antes de partir, los viajeros deben confirmar que sus documentos de viaje son v\u00e1lidos y que cumplen con todos los criterios de salud. Para obtener m\u00e1s ayuda e informaci\u00f3n, escr\u00edbanos a:<\/p>\n<p style=\"text-align: justify;\"><span style=\"text-decoration: underline;\"><span style=\"color: #ff0000; text-decoration: underline;\">Operation@travortour.com<\/span>.<\/span><\/p>\n<p style=\"text-align: justify;\"><span style=\"color: #000000;\"><\/span><\/p>\n<p style=\"text-align: justify;\"><span style=\"color: #000000;\"><\/span><\/p>\n<p style=\"text-transform: capitalize; font-size: 24px; text-align: justify;\"><strong>Pol\u00edtica de ni\u00f1os:<\/strong><\/p>\n<p style=\"text-align: justify;\"><span style=\"color: #000000;\"><\/span><\/p>\n<p style=\"text-align: justify;\"><span style=\"color: #000000;\"><\/span><\/p>\n<p>&#8211; Ni\u00f1os menores de 02 a\u00f1os no pagan y se hospedan en habitaci\u00f3n compartida con sus padres (m\u00e1ximo 02 ni\u00f1os en la habitaci\u00f3n).<\/p>\n<p>&#8211; Ni\u00f1os menores de 06 a\u00f1os pagan el 35% del costo total del paquete y se hospedan en habitaci\u00f3n compartida con sus padres (m\u00e1ximo 02 ni\u00f1os en la habitaci\u00f3n sujeto a la capacidad de la habitaci\u00f3n en el hotel o barco).<\/p>\n<p>&#8211; Ni\u00f1os menores de 12 a\u00f1os pagan el 50% del costo total del paquete y se hospedan en habitaci\u00f3n compartida con sus padres (m\u00e1ximo 01 ni\u00f1o en la habitaci\u00f3n sujeto a la capacidad de la habitaci\u00f3n en el hotel o barco).<\/p>\n<p>&#8211; Ni\u00f1os de 12 a\u00f1os o m\u00e1s son considerados adultos. Para mayor asistencia e informaci\u00f3n, escr\u00edbanos a: Operation@travortour.com.<\/p>\n<p style=\"text-align: justify;\"><span style=\"color: #000000;\"><\/span><\/p>\n<p style=\"text-align: justify;\"><span style=\"color: #000000;\"><\/span><\/p>\n<h4 style=\"text-align: justify;\"><strong>Pol\u00edtica de cancelaci\u00f3n (excluidos los periodos de mayor afluencia):<\/strong><\/h4>\n<p>Las solicitudes de cancelaci\u00f3n deber\u00e1n ser notificadas expresamente por escrito mediante correo electr\u00f3nico para proporcionar a la empresa una confirmaci\u00f3n por escrito de que su reserva debe ser cancelada.<\/p>\n<p>&#8211; En el caso de cancelaci\u00f3n que se produzca con 61 d\u00edas de antelaci\u00f3n a la fecha de inicio del viaje, habr\u00e1 una penalizaci\u00f3n del 15% del precio total del viaje contratado.<\/p>\n<p>&#8211; En el caso de cancelaci\u00f3n que se produzca entre 60 y 31 d\u00edas de antelaci\u00f3n a la fecha de inicio del viaje, habr\u00e1 una penalizaci\u00f3n del 25% del precio total del viaje contratado.<\/p>\n<p>&#8211; En el caso de cancelaci\u00f3n que se produzca entre 30 y 15 d\u00edas de antelaci\u00f3n a la fecha de inicio del viaje, habr\u00e1 una penalizaci\u00f3n del 50% del precio total del viaje contratado.<\/p>\n<p>&#8211; En el caso de cancelaci\u00f3n que se produzca entre 14 y 01 d\u00edas de antelaci\u00f3n a la fecha de inicio del viaje, habr\u00e1 una penalizaci\u00f3n del 100% del precio total del viaje contratado.<\/p>\n<p>&#8211; Los paquetes que incluyen vuelos internacionales o nacionales, el costo de los boletos de avi\u00f3n, una vez emitidos, no son reembolsables y se suman a los cargos por cancelaci\u00f3n.<\/p>\n<p style=\"text-align: justify;\"><span style=\"color: #000000;\"><\/span><\/p>\n<p style=\"text-align: justify;\"><span style=\"color: #000000;\"><\/span><\/p>\n<p>&#8211; Las reservas para <strong>NAVIDAD, SEMANA SANTA y PERIODOS DE ALTA DEMANDA<\/strong> estar\u00e1n sujetas a otra pol\u00edtica de pago y cancelaci\u00f3n dependiendo del sistema de cada hotel. Esta pol\u00edtica ser\u00e1 enviada por correo al reservar el viaje en estos periodos.<\/p>\n<p>&#8211; TRAVOR no es responsable y no proporcionar\u00e1 ning\u00fan reembolso por partes de servicios de viaje perdidos debido a vuelos cancelados o retrasados \u200b\u200bo servicios de transporte de terceros y otras circunstancias fuera del control o responsabilidad de TRAVOR que puedan considerarse eventos de \u00abfuerza mayor\u00bb. Esto incluye, pero no se limita a, cancelaciones y\/o retrasos como resultado de las condiciones clim\u00e1ticas, condiciones de la carretera, incendios, explosiones, terremotos, sequ\u00edas, maremotos, inundaciones y huelgas generales.<\/p>\n<p>Para mayor asistencia e informaci\u00f3n, escr\u00edbanos a: <span style=\"color: #000000;\">Operation@travortour.com. <\/span><a style=\"text-align: justify;\" href=\"https:\/\/travortour.com\/privacy-policy\/\">*Take a look at the privacy policy.<\/a><\/p>\n<p><\/p>\n<p><\/p>\n<p><\/p>\t\t\t\t\t\t\t\t<\/div>\n\t\t\t\t<\/div>\n\t\t\t\t\t<\/div>\n\t\t<\/div>\n\t\t\t\t\t<\/div>\n\t\t<\/section>\n\t\t\t\t<section class=\"elementor-section elementor-top-section elementor-element elementor-element-cd3c042 elementor-section-boxed elementor-section-height-default elementor-section-height-default\" data-id=\"cd3c042\" data-element_type=\"section\" data-e-type=\"section\">\n\t\t\t\t\t\t<div class=\"elementor-container elementor-column-gap-default\">\n\t\t\t\t\t<div class=\"elementor-column elementor-col-100 elementor-top-column elementor-element elementor-element-c0f8a48\" data-id=\"c0f8a48\" data-element_type=\"column\" data-e-type=\"column\">\n\t\t\t<div class=\"elementor-widget-wrap elementor-element-populated\">\n\t\t\t\t\t\t<div class=\"elementor-element elementor-element-0dacdbe elementor-widget elementor-widget-animated-headline\" data-id=\"0dacdbe\" data-element_type=\"widget\" data-e-type=\"widget\" data-widget_type=\"animated-headline.default\">\n\t\t\t\t<div class=\"elementor-widget-container\">\n\t\t\t\t\t \t\t\t\t<\/div>\n\t\t\t\t<\/div>\n\t\t\t\t<div class=\"elementor-element elementor-element-e8a95f6 elementor-icon-list--layout-traditional elementor-list-item-link-full_width elementor-widget elementor-widget-icon-list\" data-id=\"e8a95f6\" data-element_type=\"widget\" data-e-type=\"widget\" data-widget_type=\"icon-list.default\">\n\t\t\t\t<div class=\"elementor-widget-container\">\n\t\t\t\t\t\t\t<ul class=\"elementor-icon-list-items\">\n\t\t\t\t\t\t\t<li class=\"elementor-icon-list-item\">\n\t\t\t\t\t\t\t\t\t\t\t<span class=\"elementor-icon-list-icon\">\n\t\t\t\t\t\t\t<i aria-hidden=\"true\" class=\"fas fa-chevron-circle-right\"><\/i>\t\t\t\t\t\t<\/span>\n\t\t\t\t\t\t\t\t\t\t<span class=\"elementor-icon-list-text\">TRAVOR har\u00e1 todo lo posible para garantizar que todos los preparativos y servicios relacionados con el viaje se lleven a cabo seg\u00fan lo acordado. Sin embargo, esto est\u00e1 sujeto a cambios causados \u200b\u200bpor fuerza mayor.<\/span>\n\t\t\t\t\t\t\t\t\t<\/li>\n\t\t\t\t\t\t\t\t<li class=\"elementor-icon-list-item\">\n\t\t\t\t\t\t\t\t\t\t\t<span class=\"elementor-icon-list-icon\">\n\t\t\t\t\t\t\t<i aria-hidden=\"true\" class=\"fas fa-chevron-circle-right\"><\/i>\t\t\t\t\t\t<\/span>\n\t\t\t\t\t\t\t\t\t\t<span class=\"elementor-icon-list-text\">TRAVOR no puede ser legalmente responsable de condiciones de fuerza mayor y que requieran modificaci\u00f3n del itinerario, tales como alteraciones clim\u00e1ticas o geogr\u00e1ficas, circunstancias pol\u00edticas o b\u00e9licas, rebeliones o riesgo de rebeli\u00f3n, huelgas, altercados violentos, resoluciones gubernamentales o locales, problemas relacionados con el transporte, cambios de horarios o rutas de aviaci\u00f3n, epidemias y estados causados \u200b\u200bpor su influencia, eventos imprevistos u otras razones fuera de nuestro control.<\/span>\n\t\t\t\t\t\t\t\t\t<\/li>\n\t\t\t\t\t\t\t\t<li class=\"elementor-icon-list-item\">\n\t\t\t\t\t\t\t\t\t\t\t<span class=\"elementor-icon-list-icon\">\n\t\t\t\t\t\t\t<i aria-hidden=\"true\" class=\"fas fa-chevron-circle-right\"><\/i>\t\t\t\t\t\t<\/span>\n\t\t\t\t\t\t\t\t\t\t<span class=\"elementor-icon-list-text\">Por efectos de algunas de estas causas mencionadas, TRAVOR tiene el derecho de aplicar modificaciones al itinerario, sin reducir nunca ninguno de los atractivos y activos que lo componen con el fin de solucionar estas afectaciones, lo que siempre garantizar\u00e1 la seguridad del viajero y el buen desarrollo del viaje.<\/span>\n\t\t\t\t\t\t\t\t\t<\/li>\n\t\t\t\t\t\t<\/ul>\n\t\t\t\t\t\t<\/div>\n\t\t\t\t<\/div>\n\t\t\t\t\t<\/div>\n\t\t<\/div>\n\t\t\t\t\t<\/div>\n\t\t<\/section>\n\t\t\t\t<\/div>\n\t\t","protected":false},"excerpt":{"rendered":"<p>\u00a0 Su reserva y pago: \u00a0\u00a0 &#8211; Para asegurar su reserva, debe notificar a TRAVOR su solicitud. Un agente de la empresa se comunicar\u00e1 con usted para discutir y finalizar los arreglos con usted, y le proporcionar\u00e1 un itinerario para la confirmaci\u00f3n final. Debe confirmar estos detalles y pagar el dep\u00f3sito acordado. &#8211; TRAVOR necesita [&hellip;]<\/p>\n","protected":false},"author":1,"featured_media":0,"parent":0,"menu_order":0,"comment_status":"closed","ping_status":"open","template":"","meta":{"_coblocks_attr":"","_coblocks_dimensions":"","_coblocks_responsive_height":"","_coblocks_accordion_ie_support":"","_eb_attr":"","footnotes":""},"categories":[],"tags":[],"class_list":["post-3","page","type-page","status-publish","hentry"],"yoast_head":"<!-- This site is optimized with the Yoast SEO Premium plugin v21.0 (Yoast SEO v23.7) - https:\/\/yoast.com\/wordpress\/plugins\/seo\/ -->\n<title>T\u00e9rminos y condiciones - Travor<\/title>\n<meta name=\"robots\" content=\"index, follow, max-snippet:-1, max-image-preview:large, max-video-preview:-1\" \/>\n<link rel=\"canonical\" href=\"https:\/\/travortour.com\/es_es\/terms-conditions\/\" \/>\n<meta property=\"og:locale\" content=\"es_ES\" \/>\n<meta property=\"og:type\" content=\"article\" \/>\n<meta property=\"og:title\" content=\"T\u00e9rminos y condiciones - Travor\" \/>\n<meta property=\"og:description\" content=\"\u00a0 Su reserva y pago: \u00a0\u00a0 &#8211; Para asegurar su reserva, debe notificar a TRAVOR su solicitud. Un agente de la empresa se comunicar\u00e1 con usted para discutir y finalizar los arreglos con usted, y le proporcionar\u00e1 un itinerario para la confirmaci\u00f3n final. Debe confirmar estos detalles y pagar el dep\u00f3sito acordado. &#8211; TRAVOR necesita [&hellip;]\" \/>\n<meta property=\"og:url\" content=\"https:\/\/travortour.com\/es_es\/terms-conditions\/\" \/>\n<meta property=\"og:site_name\" content=\"Travor\" \/>\n<meta property=\"article:publisher\" content=\"https:\/\/www.facebook.com\/travortour\" \/>\n<meta property=\"article:modified_time\" content=\"2024-11-12T12:15:28+00:00\" \/>\n<meta property=\"og:image\" content=\"https:\/\/travortour.com\/wp-content\/uploads\/2023\/06\/Travor-logo-01.png\" \/>\n\t<meta property=\"og:image:width\" content=\"983\" \/>\n\t<meta property=\"og:image:height\" content=\"717\" \/>\n\t<meta property=\"og:image:type\" content=\"image\/png\" \/>\n<meta name=\"twitter:card\" content=\"summary_large_image\" \/>\n<meta name=\"twitter:site\" content=\"@travortour\" \/>\n<meta name=\"twitter:label1\" content=\"Tiempo de lectura\" \/>\n\t<meta name=\"twitter:data1\" content=\"4 minutos\" \/>\n<script type=\"application\/ld+json\" class=\"yoast-schema-graph\">{\"@context\":\"https:\/\/schema.org\",\"@graph\":[{\"@type\":\"WebPage\",\"@id\":\"https:\/\/travortour.com\/terms-conditions\/\",\"url\":\"https:\/\/travortour.com\/terms-conditions\/\",\"name\":\"T\u00e9rminos y condiciones - Travor\",\"isPartOf\":{\"@id\":\"https:\/\/travortour.com\/#website\"},\"datePublished\":\"2023-06-24T03:22:02+00:00\",\"dateModified\":\"2024-11-12T12:15:28+00:00\",\"inLanguage\":\"es\",\"potentialAction\":[{\"@type\":\"ReadAction\",\"target\":[\"https:\/\/travortour.com\/terms-conditions\/\"]}]},{\"@type\":\"WebSite\",\"@id\":\"https:\/\/travortour.com\/#website\",\"url\":\"https:\/\/travortour.com\/\",\"name\":\"travortour\",\"description\":\"Book your holidays\",\"publisher\":{\"@id\":\"https:\/\/travortour.com\/#organization\"},\"alternateName\":\"es.travortour.com\",\"potentialAction\":[{\"@type\":\"SearchAction\",\"target\":{\"@type\":\"EntryPoint\",\"urlTemplate\":\"https:\/\/travortour.com\/?s={search_term_string}\"},\"query-input\":{\"@type\":\"PropertyValueSpecification\",\"valueRequired\":true,\"valueName\":\"search_term_string\"}}],\"inLanguage\":\"es\"},{\"@type\":\"Organization\",\"@id\":\"https:\/\/travortour.com\/#organization\",\"name\":\"Travor\",\"alternateName\":\"Travor\",\"url\":\"https:\/\/travortour.com\/\",\"logo\":{\"@type\":\"ImageObject\",\"inLanguage\":\"es\",\"@id\":\"https:\/\/travortour.com\/#\/schema\/logo\/image\/\",\"url\":\"https:\/\/i0.wp.com\/travortour.com\/wp-content\/uploads\/2023\/06\/Travor-copy-01.png?fit=492%2C321&ssl=1\",\"contentUrl\":\"https:\/\/i0.wp.com\/travortour.com\/wp-content\/uploads\/2023\/06\/Travor-copy-01.png?fit=492%2C321&ssl=1\",\"width\":492,\"height\":321,\"caption\":\"Travor\"},\"image\":{\"@id\":\"https:\/\/travortour.com\/#\/schema\/logo\/image\/\"},\"sameAs\":[\"https:\/\/www.facebook.com\/travortour\",\"https:\/\/x.com\/travortour\"]}]}<\/script>\n<!-- \/ Yoast SEO Premium plugin. -->","yoast_head_json":{"title":"T\u00e9rminos y condiciones - Travor","robots":{"index":"index","follow":"follow","max-snippet":"max-snippet:-1","max-image-preview":"max-image-preview:large","max-video-preview":"max-video-preview:-1"},"canonical":"https:\/\/travortour.com\/es_es\/terms-conditions\/","og_locale":"es_ES","og_type":"article","og_title":"T\u00e9rminos y condiciones - Travor","og_description":"\u00a0 Su reserva y pago: \u00a0\u00a0 &#8211; Para asegurar su reserva, debe notificar a TRAVOR su solicitud. Un agente de la empresa se comunicar\u00e1 con usted para discutir y finalizar los arreglos con usted, y le proporcionar\u00e1 un itinerario para la confirmaci\u00f3n final. Debe confirmar estos detalles y pagar el dep\u00f3sito acordado. &#8211; TRAVOR necesita [&hellip;]","og_url":"https:\/\/travortour.com\/es_es\/terms-conditions\/","og_site_name":"Travor","article_publisher":"https:\/\/www.facebook.com\/travortour","article_modified_time":"2024-11-12T12:15:28+00:00","og_image":[{"width":983,"height":717,"url":"https:\/\/travortour.com\/wp-content\/uploads\/2023\/06\/Travor-logo-01.png","type":"image\/png"}],"twitter_card":"summary_large_image","twitter_site":"@travortour","twitter_misc":{"Tiempo de lectura":"4 minutos"},"schema":{"@context":"https:\/\/schema.org","@graph":[{"@type":"WebPage","@id":"https:\/\/travortour.com\/terms-conditions\/","url":"https:\/\/travortour.com\/terms-conditions\/","name":"T\u00e9rminos y condiciones - Travor","isPartOf":{"@id":"https:\/\/travortour.com\/#website"},"datePublished":"2023-06-24T03:22:02+00:00","dateModified":"2024-11-12T12:15:28+00:00","inLanguage":"es","potentialAction":[{"@type":"ReadAction","target":["https:\/\/travortour.com\/terms-conditions\/"]}]},{"@type":"WebSite","@id":"https:\/\/travortour.com\/#website","url":"https:\/\/travortour.com\/","name":"travortour","description":"Book your holidays","publisher":{"@id":"https:\/\/travortour.com\/#organization"},"alternateName":"es.travortour.com","potentialAction":[{"@type":"SearchAction","target":{"@type":"EntryPoint","urlTemplate":"https:\/\/travortour.com\/?s={search_term_string}"},"query-input":{"@type":"PropertyValueSpecification","valueRequired":true,"valueName":"search_term_string"}}],"inLanguage":"es"},{"@type":"Organization","@id":"https:\/\/travortour.com\/#organization","name":"Travor","alternateName":"Travor","url":"https:\/\/travortour.com\/","logo":{"@type":"ImageObject","inLanguage":"es","@id":"https:\/\/travortour.com\/#\/schema\/logo\/image\/","url":"https:\/\/i0.wp.com\/travortour.com\/wp-content\/uploads\/2023\/06\/Travor-copy-01.png?fit=492%2C321&ssl=1","contentUrl":"https:\/\/i0.wp.com\/travortour.com\/wp-content\/uploads\/2023\/06\/Travor-copy-01.png?fit=492%2C321&ssl=1","width":492,"height":321,"caption":"Travor"},"image":{"@id":"https:\/\/travortour.com\/#\/schema\/logo\/image\/"},"sameAs":["https:\/\/www.facebook.com\/travortour","https:\/\/x.com\/travortour"]}]}},"_links":{"self":[{"href":"https:\/\/travortour.com\/es_es\/wp-json\/wp\/v2\/pages\/3","targetHints":{"allow":["GET"]}}],"collection":[{"href":"https:\/\/travortour.com\/es_es\/wp-json\/wp\/v2\/pages"}],"about":[{"href":"https:\/\/travortour.com\/es_es\/wp-json\/wp\/v2\/types\/page"}],"author":[{"embeddable":true,"href":"https:\/\/travortour.com\/es_es\/wp-json\/wp\/v2\/users\/1"}],"replies":[{"embeddable":true,"href":"https:\/\/travortour.com\/es_es\/wp-json\/wp\/v2\/comments?post=3"}],"version-history":[{"count":5,"href":"https:\/\/travortour.com\/es_es\/wp-json\/wp\/v2\/pages\/3\/revisions"}],"predecessor-version":[{"id":13885,"href":"https:\/\/travortour.com\/es_es\/wp-json\/wp\/v2\/pages\/3\/revisions\/13885"}],"wp:attachment":[{"href":"https:\/\/travortour.com\/es_es\/wp-json\/wp\/v2\/media?parent=3"}],"wp:term":[{"taxonomy":"category","embeddable":true,"href":"https:\/\/travortour.com\/es_es\/wp-json\/wp\/v2\/categories?post=3"},{"taxonomy":"post_tag","embeddable":true,"href":"https:\/\/travortour.com\/es_es\/wp-json\/wp\/v2\/tags?post=3"}],"curies":[{"name":"wp","href":"https:\/\/api.w.org\/{rel}","templated":true}]}}