{"id":13513,"date":"2024-10-30T09:23:41","date_gmt":"2024-10-30T09:23:41","guid":{"rendered":"https:\/\/travortour.com\/?page_id=13513"},"modified":"2024-12-30T16:26:40","modified_gmt":"2024-12-30T16:26:40","slug":"rutas-del-faraon","status":"publish","type":"page","link":"https:\/\/travortour.com\/es_es\/rutas-del-faraon\/","title":{"rendered":"Programas"},"content":{"rendered":"\t\t<div data-elementor-type=\"wp-page\" data-elementor-id=\"13513\" class=\"elementor elementor-13513\">\n\t\t\t\t\t\t<section class=\"elementor-section elementor-top-section elementor-element elementor-element-3857693 elementor-section-boxed elementor-section-height-default elementor-section-height-default\" data-id=\"3857693\" data-element_type=\"section\" data-e-type=\"section\">\n\t\t\t\t\t\t<div class=\"elementor-container elementor-column-gap-default\">\n\t\t\t\t\t<div class=\"elementor-column elementor-col-66 elementor-top-column elementor-element elementor-element-a802517\" data-id=\"a802517\" data-element_type=\"column\" data-e-type=\"column\">\n\t\t\t<div class=\"elementor-widget-wrap elementor-element-populated\">\n\t\t\t\t\t\t<div class=\"elementor-element elementor-element-6458023 elementor-widget elementor-widget-text-editor\" data-id=\"6458023\" data-element_type=\"widget\" data-e-type=\"widget\" data-widget_type=\"text-editor.default\">\n\t\t\t\t<div class=\"elementor-widget-container\">\n\t\t\t\t\t\t\t\t\t<h3>Rutas del Fara\u00f3n<\/h3>\t\t\t\t\t\t\t\t<\/div>\n\t\t\t\t<\/div>\n\t\t\t\t<div class=\"elementor-element elementor-element-0051db4 elementor-widget__width-initial elementor-widget elementor-widget-heading\" data-id=\"0051db4\" data-element_type=\"widget\" data-e-type=\"widget\" data-widget_type=\"heading.default\">\n\t\t\t\t<div class=\"elementor-widget-container\">\n\t\t\t\t\t<h5 class=\"elementor-heading-title elementor-size-default\">Lunes: D\u00eda 1: Llegada a El Cairo - Explorando la Tierra de los Faraones\n<br><br><br><br><br><br><\/h5>\t\t\t\t<\/div>\n\t\t\t\t<\/div>\n\t\t\t\t\t<\/div>\n\t\t<\/div>\n\t\t\t\t<div class=\"elementor-column elementor-col-33 elementor-top-column elementor-element elementor-element-59acd84\" data-id=\"59acd84\" data-element_type=\"column\" data-e-type=\"column\">\n\t\t\t<div class=\"elementor-widget-wrap elementor-element-populated\">\n\t\t\t\t\t\t<div class=\"elementor-element elementor-element-8e6a3ee elementor-widget elementor-widget-image\" data-id=\"8e6a3ee\" data-element_type=\"widget\" data-e-type=\"widget\" data-widget_type=\"image.default\">\n\t\t\t\t<div class=\"elementor-widget-container\">\n\t\t\t\t\t\t\t\t\t\t\t\t\t\t\t\t<a href=\"https:\/\/travortour.com\/rutas-del-faraon-2\/\">\n\t\t\t\t\t\t\t<img fetchpriority=\"high\" decoding=\"async\" width=\"1024\" height=\"750\" src=\"https:\/\/travortour.com\/wp-content\/uploads\/2024\/10\/Picture27-1024x750.jpg\" class=\"attachment-large size-large wp-image-13195\" alt=\"\" srcset=\"https:\/\/travortour.com\/wp-content\/uploads\/2024\/10\/Picture27-1024x750.jpg 1024w, https:\/\/travortour.com\/wp-content\/uploads\/2024\/10\/Picture27-300x220.jpg 300w, https:\/\/travortour.com\/wp-content\/uploads\/2024\/10\/Picture27-768x563.jpg 768w, https:\/\/travortour.com\/wp-content\/uploads\/2024\/10\/Picture27.jpg 1052w\" sizes=\"(max-width: 1024px) 100vw, 1024px\" \/>\t\t\t\t\t\t\t\t<\/a>\n\t\t\t\t\t\t\t\t\t\t\t\t\t\t\t<\/div>\n\t\t\t\t<\/div>\n\t\t\t\t\t<\/div>\n\t\t<\/div>\n\t\t\t\t\t<\/div>\n\t\t<\/section>\n\t\t\t\t<section class=\"elementor-section elementor-top-section elementor-element elementor-element-ebd1c39 elementor-section-boxed elementor-section-height-default elementor-section-height-default\" data-id=\"ebd1c39\" data-element_type=\"section\" data-e-type=\"section\">\n\t\t\t\t\t\t<div class=\"elementor-container elementor-column-gap-default\">\n\t\t\t\t\t<div class=\"elementor-column elementor-col-66 elementor-top-column elementor-element elementor-element-bd42ee2\" data-id=\"bd42ee2\" data-element_type=\"column\" data-e-type=\"column\">\n\t\t\t<div class=\"elementor-widget-wrap elementor-element-populated\">\n\t\t\t\t\t\t<div class=\"elementor-element elementor-element-975a2ea elementor-widget elementor-widget-text-editor\" data-id=\"975a2ea\" data-element_type=\"widget\" data-e-type=\"widget\" data-widget_type=\"text-editor.default\">\n\t\t\t\t<div class=\"elementor-widget-container\">\n\t\t\t\t\t\t\t\t\t<h3><strong>Tesoros del Camino<\/strong><\/h3>\t\t\t\t\t\t\t\t<\/div>\n\t\t\t\t<\/div>\n\t\t\t\t<div class=\"elementor-element elementor-element-de402c6 elementor-widget__width-initial elementor-widget elementor-widget-heading\" data-id=\"de402c6\" data-element_type=\"widget\" data-e-type=\"widget\" data-widget_type=\"heading.default\">\n\t\t\t\t<div class=\"elementor-widget-container\">\n\t\t\t\t\t<h5 class=\"elementor-heading-title elementor-size-default\">Lunes: D\u00eda 1: Llegada a El Cairo \u2013 Bienvenida a la Tierra de los Faraones\n<br><br><br><br><br><br><\/h5>\t\t\t\t<\/div>\n\t\t\t\t<\/div>\n\t\t\t\t\t<\/div>\n\t\t<\/div>\n\t\t\t\t<div class=\"elementor-column elementor-col-33 elementor-top-column elementor-element elementor-element-981aeba\" data-id=\"981aeba\" data-element_type=\"column\" data-e-type=\"column\">\n\t\t\t<div class=\"elementor-widget-wrap elementor-element-populated\">\n\t\t\t\t\t\t<div class=\"elementor-element elementor-element-9740ffa elementor-widget elementor-widget-image\" data-id=\"9740ffa\" data-element_type=\"widget\" data-e-type=\"widget\" data-widget_type=\"image.default\">\n\t\t\t\t<div class=\"elementor-widget-container\">\n\t\t\t\t\t\t\t\t\t\t\t\t\t\t\t\t<a href=\"https:\/\/travortour.com\/tesoros-del-camino\/\">\n\t\t\t\t\t\t\t<img decoding=\"async\" width=\"1080\" height=\"1080\" src=\"https:\/\/travortour.com\/wp-content\/uploads\/2024\/12\/Oferta-Fin-de-Ano.png\" class=\"attachment-2048x2048 size-2048x2048 wp-image-14155\" alt=\"\" srcset=\"https:\/\/travortour.com\/wp-content\/uploads\/2024\/12\/Oferta-Fin-de-Ano.png 1080w, https:\/\/travortour.com\/wp-content\/uploads\/2024\/12\/Oferta-Fin-de-Ano-300x300.png 300w, https:\/\/travortour.com\/wp-content\/uploads\/2024\/12\/Oferta-Fin-de-Ano-1024x1024.png 1024w, https:\/\/travortour.com\/wp-content\/uploads\/2024\/12\/Oferta-Fin-de-Ano-150x150.png 150w, https:\/\/travortour.com\/wp-content\/uploads\/2024\/12\/Oferta-Fin-de-Ano-768x768.png 768w, https:\/\/travortour.com\/wp-content\/uploads\/2024\/12\/Oferta-Fin-de-Ano-12x12.png 12w, https:\/\/travortour.com\/wp-content\/uploads\/2024\/12\/Oferta-Fin-de-Ano-600x600.png 600w\" sizes=\"(max-width: 1080px) 100vw, 1080px\" \/>\t\t\t\t\t\t\t\t<\/a>\n\t\t\t\t\t\t\t\t\t\t\t\t\t\t\t<\/div>\n\t\t\t\t<\/div>\n\t\t\t\t\t<\/div>\n\t\t<\/div>\n\t\t\t\t\t<\/div>\n\t\t<\/section>\n\t\t\t\t<\/div>\n\t\t","protected":false},"excerpt":{"rendered":"<p>Rutas del Fara\u00f3n Lunes: D\u00eda 1: Llegada a El Cairo &#8211; Explorando la Tierra de los Faraones Tesoros del Camino Lunes: D\u00eda 1: Llegada a El Cairo \u2013 Bienvenida a la Tierra de los Faraones<\/p>\n","protected":false},"author":1,"featured_media":0,"parent":0,"menu_order":0,"comment_status":"closed","ping_status":"closed","template":"","meta":{"_coblocks_attr":"","_coblocks_dimensions":"","_coblocks_responsive_height":"","_coblocks_accordion_ie_support":"","_eb_attr":"","footnotes":""},"categories":[],"tags":[],"class_list":["post-13513","page","type-page","status-publish","hentry"],"yoast_head":"<!-- This site is optimized with the Yoast SEO Premium plugin v21.0 (Yoast SEO v23.7) - https:\/\/yoast.com\/wordpress\/plugins\/seo\/ -->\n<title>Programas - Travor<\/title>\n<meta name=\"robots\" content=\"index, follow, max-snippet:-1, max-image-preview:large, max-video-preview:-1\" \/>\n<link rel=\"canonical\" href=\"https:\/\/travortour.com\/es_es\/rutas-del-faraon\/\" \/>\n<meta property=\"og:locale\" content=\"es_ES\" \/>\n<meta property=\"og:type\" content=\"article\" \/>\n<meta property=\"og:title\" content=\"Programas - Travor\" \/>\n<meta property=\"og:description\" content=\"Rutas del Fara\u00f3n Lunes: D\u00eda 1: Llegada a El Cairo &#8211; Explorando la Tierra de los Faraones Tesoros del Camino Lunes: D\u00eda 1: Llegada a El Cairo \u2013 Bienvenida a la Tierra de los Faraones\" \/>\n<meta property=\"og:url\" content=\"https:\/\/travortour.com\/es_es\/rutas-del-faraon\/\" \/>\n<meta property=\"og:site_name\" content=\"Travor\" \/>\n<meta property=\"article:publisher\" content=\"https:\/\/www.facebook.com\/travortour\" \/>\n<meta property=\"article:modified_time\" content=\"2024-12-30T16:26:40+00:00\" \/>\n<meta property=\"og:image\" content=\"https:\/\/travortour.com\/wp-content\/uploads\/2024\/10\/Picture27-1024x750.jpg\" \/>\n<meta name=\"twitter:card\" content=\"summary_large_image\" \/>\n<meta name=\"twitter:site\" content=\"@travortour\" \/>\n<meta name=\"twitter:label1\" content=\"Tiempo de lectura\" \/>\n\t<meta name=\"twitter:data1\" content=\"1 minuto\" \/>\n<script type=\"application\/ld+json\" class=\"yoast-schema-graph\">{\"@context\":\"https:\/\/schema.org\",\"@graph\":[{\"@type\":\"WebPage\",\"@id\":\"https:\/\/travortour.com\/rutas-del-faraon\/\",\"url\":\"https:\/\/travortour.com\/rutas-del-faraon\/\",\"name\":\"Programas - Travor\",\"isPartOf\":{\"@id\":\"https:\/\/travortour.com\/#website\"},\"primaryImageOfPage\":{\"@id\":\"https:\/\/travortour.com\/rutas-del-faraon\/#primaryimage\"},\"image\":{\"@id\":\"https:\/\/travortour.com\/rutas-del-faraon\/#primaryimage\"},\"thumbnailUrl\":\"https:\/\/travortour.com\/wp-content\/uploads\/2024\/10\/Picture27-1024x750.jpg\",\"datePublished\":\"2024-10-30T09:23:41+00:00\",\"dateModified\":\"2024-12-30T16:26:40+00:00\",\"inLanguage\":\"es\",\"potentialAction\":[{\"@type\":\"ReadAction\",\"target\":[\"https:\/\/travortour.com\/rutas-del-faraon\/\"]}]},{\"@type\":\"ImageObject\",\"inLanguage\":\"es\",\"@id\":\"https:\/\/travortour.com\/rutas-del-faraon\/#primaryimage\",\"url\":\"https:\/\/travortour.com\/wp-content\/uploads\/2024\/10\/Picture27-1024x750.jpg\",\"contentUrl\":\"https:\/\/travortour.com\/wp-content\/uploads\/2024\/10\/Picture27-1024x750.jpg\"},{\"@type\":\"WebSite\",\"@id\":\"https:\/\/travortour.com\/#website\",\"url\":\"https:\/\/travortour.com\/\",\"name\":\"travortour\",\"description\":\"Book your holidays\",\"publisher\":{\"@id\":\"https:\/\/travortour.com\/#organization\"},\"alternateName\":\"es.travortour.com\",\"potentialAction\":[{\"@type\":\"SearchAction\",\"target\":{\"@type\":\"EntryPoint\",\"urlTemplate\":\"https:\/\/travortour.com\/?s={search_term_string}\"},\"query-input\":{\"@type\":\"PropertyValueSpecification\",\"valueRequired\":true,\"valueName\":\"search_term_string\"}}],\"inLanguage\":\"es\"},{\"@type\":\"Organization\",\"@id\":\"https:\/\/travortour.com\/#organization\",\"name\":\"Travor\",\"alternateName\":\"Travor\",\"url\":\"https:\/\/travortour.com\/\",\"logo\":{\"@type\":\"ImageObject\",\"inLanguage\":\"es\",\"@id\":\"https:\/\/travortour.com\/#\/schema\/logo\/image\/\",\"url\":\"https:\/\/i0.wp.com\/travortour.com\/wp-content\/uploads\/2023\/06\/Travor-copy-01.png?fit=492%2C321&ssl=1\",\"contentUrl\":\"https:\/\/i0.wp.com\/travortour.com\/wp-content\/uploads\/2023\/06\/Travor-copy-01.png?fit=492%2C321&ssl=1\",\"width\":492,\"height\":321,\"caption\":\"Travor\"},\"image\":{\"@id\":\"https:\/\/travortour.com\/#\/schema\/logo\/image\/\"},\"sameAs\":[\"https:\/\/www.facebook.com\/travortour\",\"https:\/\/x.com\/travortour\"]}]}<\/script>\n<!-- \/ Yoast SEO Premium plugin. -->","yoast_head_json":{"title":"Programas - Travor","robots":{"index":"index","follow":"follow","max-snippet":"max-snippet:-1","max-image-preview":"max-image-preview:large","max-video-preview":"max-video-preview:-1"},"canonical":"https:\/\/travortour.com\/es_es\/rutas-del-faraon\/","og_locale":"es_ES","og_type":"article","og_title":"Programas - Travor","og_description":"Rutas del Fara\u00f3n Lunes: D\u00eda 1: Llegada a El Cairo &#8211; Explorando la Tierra de los Faraones Tesoros del Camino Lunes: D\u00eda 1: Llegada a El Cairo \u2013 Bienvenida a la Tierra de los Faraones","og_url":"https:\/\/travortour.com\/es_es\/rutas-del-faraon\/","og_site_name":"Travor","article_publisher":"https:\/\/www.facebook.com\/travortour","article_modified_time":"2024-12-30T16:26:40+00:00","og_image":[{"url":"https:\/\/travortour.com\/wp-content\/uploads\/2024\/10\/Picture27-1024x750.jpg"}],"twitter_card":"summary_large_image","twitter_site":"@travortour","twitter_misc":{"Tiempo de lectura":"1 minuto"},"schema":{"@context":"https:\/\/schema.org","@graph":[{"@type":"WebPage","@id":"https:\/\/travortour.com\/rutas-del-faraon\/","url":"https:\/\/travortour.com\/rutas-del-faraon\/","name":"Programas - Travor","isPartOf":{"@id":"https:\/\/travortour.com\/#website"},"primaryImageOfPage":{"@id":"https:\/\/travortour.com\/rutas-del-faraon\/#primaryimage"},"image":{"@id":"https:\/\/travortour.com\/rutas-del-faraon\/#primaryimage"},"thumbnailUrl":"https:\/\/travortour.com\/wp-content\/uploads\/2024\/10\/Picture27-1024x750.jpg","datePublished":"2024-10-30T09:23:41+00:00","dateModified":"2024-12-30T16:26:40+00:00","inLanguage":"es","potentialAction":[{"@type":"ReadAction","target":["https:\/\/travortour.com\/rutas-del-faraon\/"]}]},{"@type":"ImageObject","inLanguage":"es","@id":"https:\/\/travortour.com\/rutas-del-faraon\/#primaryimage","url":"https:\/\/travortour.com\/wp-content\/uploads\/2024\/10\/Picture27-1024x750.jpg","contentUrl":"https:\/\/travortour.com\/wp-content\/uploads\/2024\/10\/Picture27-1024x750.jpg"},{"@type":"WebSite","@id":"https:\/\/travortour.com\/#website","url":"https:\/\/travortour.com\/","name":"travortour","description":"Book your holidays","publisher":{"@id":"https:\/\/travortour.com\/#organization"},"alternateName":"es.travortour.com","potentialAction":[{"@type":"SearchAction","target":{"@type":"EntryPoint","urlTemplate":"https:\/\/travortour.com\/?s={search_term_string}"},"query-input":{"@type":"PropertyValueSpecification","valueRequired":true,"valueName":"search_term_string"}}],"inLanguage":"es"},{"@type":"Organization","@id":"https:\/\/travortour.com\/#organization","name":"Travor","alternateName":"Travor","url":"https:\/\/travortour.com\/","logo":{"@type":"ImageObject","inLanguage":"es","@id":"https:\/\/travortour.com\/#\/schema\/logo\/image\/","url":"https:\/\/i0.wp.com\/travortour.com\/wp-content\/uploads\/2023\/06\/Travor-copy-01.png?fit=492%2C321&ssl=1","contentUrl":"https:\/\/i0.wp.com\/travortour.com\/wp-content\/uploads\/2023\/06\/Travor-copy-01.png?fit=492%2C321&ssl=1","width":492,"height":321,"caption":"Travor"},"image":{"@id":"https:\/\/travortour.com\/#\/schema\/logo\/image\/"},"sameAs":["https:\/\/www.facebook.com\/travortour","https:\/\/x.com\/travortour"]}]}},"_links":{"self":[{"href":"https:\/\/travortour.com\/es_es\/wp-json\/wp\/v2\/pages\/13513","targetHints":{"allow":["GET"]}}],"collection":[{"href":"https:\/\/travortour.com\/es_es\/wp-json\/wp\/v2\/pages"}],"about":[{"href":"https:\/\/travortour.com\/es_es\/wp-json\/wp\/v2\/types\/page"}],"author":[{"embeddable":true,"href":"https:\/\/travortour.com\/es_es\/wp-json\/wp\/v2\/users\/1"}],"replies":[{"embeddable":true,"href":"https:\/\/travortour.com\/es_es\/wp-json\/wp\/v2\/comments?post=13513"}],"version-history":[{"count":5,"href":"https:\/\/travortour.com\/es_es\/wp-json\/wp\/v2\/pages\/13513\/revisions"}],"predecessor-version":[{"id":14162,"href":"https:\/\/travortour.com\/es_es\/wp-json\/wp\/v2\/pages\/13513\/revisions\/14162"}],"wp:attachment":[{"href":"https:\/\/travortour.com\/es_es\/wp-json\/wp\/v2\/media?parent=13513"}],"wp:term":[{"taxonomy":"category","embeddable":true,"href":"https:\/\/travortour.com\/es_es\/wp-json\/wp\/v2\/categories?post=13513"},{"taxonomy":"post_tag","embeddable":true,"href":"https:\/\/travortour.com\/es_es\/wp-json\/wp\/v2\/tags?post=13513"}],"curies":[{"name":"wp","href":"https:\/\/api.w.org\/{rel}","templated":true}]}}