{"id":13287,"date":"2024-10-21T22:54:06","date_gmt":"2024-10-21T22:54:06","guid":{"rendered":"https:\/\/travortour.com\/?page_id=13287"},"modified":"2024-11-02T17:33:51","modified_gmt":"2024-11-02T17:33:51","slug":"tutankamon","status":"publish","type":"page","link":"https:\/\/travortour.com\/es_es\/tutankamon\/","title":{"rendered":"Todos los Art\u00edculos"},"content":{"rendered":"\t\t<div data-elementor-type=\"wp-page\" data-elementor-id=\"13287\" class=\"elementor elementor-13287\">\n\t\t\t\t\t\t<section class=\"elementor-section elementor-top-section elementor-element elementor-element-f2c5b7e elementor-section-boxed elementor-section-height-default elementor-section-height-default\" data-id=\"f2c5b7e\" data-element_type=\"section\" data-e-type=\"section\">\n\t\t\t\t\t\t<div class=\"elementor-container elementor-column-gap-default\">\n\t\t\t\t\t<div class=\"elementor-column elementor-col-33 elementor-top-column elementor-element elementor-element-6e74aab\" data-id=\"6e74aab\" data-element_type=\"column\" data-e-type=\"column\">\n\t\t\t<div class=\"elementor-widget-wrap elementor-element-populated\">\n\t\t\t\t\t\t<div class=\"elementor-element elementor-element-bf13c64 animated-slow elementor-invisible elementor-widget elementor-widget-image\" data-id=\"bf13c64\" data-element_type=\"widget\" data-e-type=\"widget\" data-settings=\"{&quot;_animation&quot;:&quot;slideInLeft&quot;}\" data-widget_type=\"image.default\">\n\t\t\t\t<div class=\"elementor-widget-container\">\n\t\t\t\t\t\t\t\t\t\t\t\t<figure class=\"wp-caption\">\n\t\t\t\t\t\t\t\t\t\t\t<a href=\"https:\/\/travortour.com\/articulos\/\">\n\t\t\t\t\t\t\t<img fetchpriority=\"high\" decoding=\"async\" width=\"700\" height=\"450\" src=\"https:\/\/travortour.com\/wp-content\/uploads\/2024\/10\/Picture7-700x450.jpg\" class=\"attachment-Portfolio Thumbnail size-Portfolio Thumbnail wp-image-13105\" alt=\"\" \/>\t\t\t\t\t\t\t\t<\/a>\n\t\t\t\t\t\t\t\t\t\t\t<figcaption class=\"widget-image-caption wp-caption-text\">C\u00f3mo Viajar Seguro y Disfrutar al M\u00e1ximo de Egipto<\/figcaption>\n\t\t\t\t\t\t\t\t\t\t<\/figure>\n\t\t\t\t\t\t\t\t\t<\/div>\n\t\t\t\t<\/div>\n\t\t\t\t\t<\/div>\n\t\t<\/div>\n\t\t\t\t<div class=\"elementor-column elementor-col-33 elementor-top-column elementor-element elementor-element-fb5ccd8\" data-id=\"fb5ccd8\" data-element_type=\"column\" data-e-type=\"column\">\n\t\t\t<div class=\"elementor-widget-wrap elementor-element-populated\">\n\t\t\t\t\t\t<div class=\"elementor-element elementor-element-b631163 animated-slow elementor-invisible elementor-widget elementor-widget-image\" data-id=\"b631163\" data-element_type=\"widget\" data-e-type=\"widget\" data-settings=\"{&quot;_animation&quot;:&quot;zoomIn&quot;}\" data-widget_type=\"image.default\">\n\t\t\t\t<div class=\"elementor-widget-container\">\n\t\t\t\t\t\t\t\t\t\t\t\t<figure class=\"wp-caption\">\n\t\t\t\t\t\t\t\t\t\t\t<a href=\"https:\/\/travortour.com\/articulos-2\/\">\n\t\t\t\t\t\t\t<img decoding=\"async\" width=\"700\" height=\"450\" src=\"https:\/\/travortour.com\/wp-content\/uploads\/2023\/08\/Giza-pyramids-cairo-egypt-scaled-2-700x450.webp\" class=\"attachment-Portfolio Thumbnail size-Portfolio Thumbnail wp-image-12166\" alt=\"\" \/>\t\t\t\t\t\t\t\t<\/a>\n\t\t\t\t\t\t\t\t\t\t\t<figcaption class=\"widget-image-caption wp-caption-text\">10 Consejos Claves para tu Primer Viaje a Egipto<\/figcaption>\n\t\t\t\t\t\t\t\t\t\t<\/figure>\n\t\t\t\t\t\t\t\t\t<\/div>\n\t\t\t\t<\/div>\n\t\t\t\t\t<\/div>\n\t\t<\/div>\n\t\t\t\t<div class=\"elementor-column elementor-col-33 elementor-top-column elementor-element elementor-element-7490d02\" data-id=\"7490d02\" data-element_type=\"column\" data-e-type=\"column\">\n\t\t\t<div class=\"elementor-widget-wrap elementor-element-populated\">\n\t\t\t\t\t\t<div class=\"elementor-element elementor-element-7ab1946 animated-slow elementor-invisible elementor-widget elementor-widget-image\" data-id=\"7ab1946\" data-element_type=\"widget\" data-e-type=\"widget\" data-settings=\"{&quot;_animation&quot;:&quot;fadeInRight&quot;}\" data-widget_type=\"image.default\">\n\t\t\t\t<div class=\"elementor-widget-container\">\n\t\t\t\t\t\t\t\t\t\t\t\t<figure class=\"wp-caption\">\n\t\t\t\t\t\t\t\t\t\t\t<a href=\"https:\/\/travortour.com\/articulos-3\/\">\n\t\t\t\t\t\t\t<img decoding=\"async\" width=\"700\" height=\"450\" src=\"https:\/\/travortour.com\/wp-content\/uploads\/2024\/10\/Picture27-700x450.jpg\" class=\"attachment-Portfolio Thumbnail size-Portfolio Thumbnail wp-image-13195\" alt=\"\" \/>\t\t\t\t\t\t\t\t<\/a>\n\t\t\t\t\t\t\t\t\t\t\t<figcaption class=\"widget-image-caption wp-caption-text\">Tutankam\u00f3n y los Tesoros del Antiguo Egipto<\/figcaption>\n\t\t\t\t\t\t\t\t\t\t<\/figure>\n\t\t\t\t\t\t\t\t\t<\/div>\n\t\t\t\t<\/div>\n\t\t\t\t\t<\/div>\n\t\t<\/div>\n\t\t\t\t\t<\/div>\n\t\t<\/section>\n\t\t\t\t<\/div>\n\t\t","protected":false},"excerpt":{"rendered":"<p>C\u00f3mo Viajar Seguro y Disfrutar al M\u00e1ximo de Egipto 10 Consejos Claves para tu Primer Viaje a Egipto Tutankam\u00f3n y los Tesoros del Antiguo Egipto<\/p>\n","protected":false},"author":677,"featured_media":0,"parent":0,"menu_order":0,"comment_status":"closed","ping_status":"closed","template":"","meta":{"_coblocks_attr":"","_coblocks_dimensions":"","_coblocks_responsive_height":"","_coblocks_accordion_ie_support":"","_eb_attr":"","footnotes":""},"categories":[],"tags":[],"class_list":["post-13287","page","type-page","status-publish","hentry"],"yoast_head":"<!-- This site is optimized with the Yoast SEO Premium plugin v21.0 (Yoast SEO v23.7) - https:\/\/yoast.com\/wordpress\/plugins\/seo\/ -->\n<title>Todos los Art\u00edculos - Travor<\/title>\n<meta name=\"description\" content=\"Tutankam\u00f3n, el joven fara\u00f3n que ascendi\u00f3 al trono a una edad temprana y cuya tumba fue uno de los descubrimientos arqueol\u00f3gicos m\u00e1s importantes del siglo XX. Aunque su reinado fue breve, su legado ha perdurado a trav\u00e9s de los siglos, principalmente debido al\" \/>\n<meta name=\"robots\" content=\"index, follow, max-snippet:-1, max-image-preview:large, max-video-preview:-1\" \/>\n<link rel=\"canonical\" href=\"https:\/\/travortour.com\/es_es\/tutankamon\/\" \/>\n<meta property=\"og:locale\" content=\"es_ES\" \/>\n<meta property=\"og:type\" content=\"article\" \/>\n<meta property=\"og:title\" content=\"Todos los Art\u00edculos - Travor\" \/>\n<meta property=\"og:description\" content=\"Tutankam\u00f3n, el joven fara\u00f3n que ascendi\u00f3 al trono a una edad temprana y cuya tumba fue uno de los descubrimientos arqueol\u00f3gicos m\u00e1s importantes del siglo XX. Aunque su reinado fue breve, su legado ha perdurado a trav\u00e9s de los siglos, principalmente debido al\" \/>\n<meta property=\"og:url\" content=\"https:\/\/travortour.com\/es_es\/tutankamon\/\" \/>\n<meta property=\"og:site_name\" content=\"Travor\" \/>\n<meta property=\"article:publisher\" content=\"https:\/\/www.facebook.com\/travortour\" \/>\n<meta property=\"article:modified_time\" content=\"2024-11-02T17:33:51+00:00\" \/>\n<meta property=\"og:image\" content=\"https:\/\/travortour.com\/wp-content\/uploads\/2024\/10\/Picture7-700x450.jpg\" \/>\n<meta name=\"twitter:card\" content=\"summary_large_image\" \/>\n<meta name=\"twitter:site\" content=\"@travortour\" \/>\n<meta name=\"twitter:label1\" content=\"Tiempo de lectura\" \/>\n\t<meta name=\"twitter:data1\" content=\"1 minuto\" \/>\n<script type=\"application\/ld+json\" class=\"yoast-schema-graph\">{\"@context\":\"https:\/\/schema.org\",\"@graph\":[{\"@type\":\"WebPage\",\"@id\":\"https:\/\/travortour.com\/tutankamon\/\",\"url\":\"https:\/\/travortour.com\/tutankamon\/\",\"name\":\"Todos los Art\u00edculos - Travor\",\"isPartOf\":{\"@id\":\"https:\/\/travortour.com\/#website\"},\"primaryImageOfPage\":{\"@id\":\"https:\/\/travortour.com\/tutankamon\/#primaryimage\"},\"image\":{\"@id\":\"https:\/\/travortour.com\/tutankamon\/#primaryimage\"},\"thumbnailUrl\":\"https:\/\/travortour.com\/wp-content\/uploads\/2024\/10\/Picture7-700x450.jpg\",\"datePublished\":\"2024-10-21T22:54:06+00:00\",\"dateModified\":\"2024-11-02T17:33:51+00:00\",\"description\":\"Tutankam\u00f3n, el joven fara\u00f3n que ascendi\u00f3 al trono a una edad temprana y cuya tumba fue uno de los descubrimientos arqueol\u00f3gicos m\u00e1s importantes del siglo XX. Aunque su reinado fue breve, su legado ha perdurado a trav\u00e9s de los siglos, principalmente debido al\",\"inLanguage\":\"es\",\"potentialAction\":[{\"@type\":\"ReadAction\",\"target\":[\"https:\/\/travortour.com\/tutankamon\/\"]}]},{\"@type\":\"ImageObject\",\"inLanguage\":\"es\",\"@id\":\"https:\/\/travortour.com\/tutankamon\/#primaryimage\",\"url\":\"https:\/\/travortour.com\/wp-content\/uploads\/2024\/10\/Picture7-700x450.jpg\",\"contentUrl\":\"https:\/\/travortour.com\/wp-content\/uploads\/2024\/10\/Picture7-700x450.jpg\"},{\"@type\":\"WebSite\",\"@id\":\"https:\/\/travortour.com\/#website\",\"url\":\"https:\/\/travortour.com\/\",\"name\":\"travortour\",\"description\":\"Book your holidays\",\"publisher\":{\"@id\":\"https:\/\/travortour.com\/#organization\"},\"alternateName\":\"es.travortour.com\",\"potentialAction\":[{\"@type\":\"SearchAction\",\"target\":{\"@type\":\"EntryPoint\",\"urlTemplate\":\"https:\/\/travortour.com\/?s={search_term_string}\"},\"query-input\":{\"@type\":\"PropertyValueSpecification\",\"valueRequired\":true,\"valueName\":\"search_term_string\"}}],\"inLanguage\":\"es\"},{\"@type\":\"Organization\",\"@id\":\"https:\/\/travortour.com\/#organization\",\"name\":\"Travor\",\"alternateName\":\"Travor\",\"url\":\"https:\/\/travortour.com\/\",\"logo\":{\"@type\":\"ImageObject\",\"inLanguage\":\"es\",\"@id\":\"https:\/\/travortour.com\/#\/schema\/logo\/image\/\",\"url\":\"https:\/\/i0.wp.com\/travortour.com\/wp-content\/uploads\/2023\/06\/Travor-copy-01.png?fit=492%2C321&ssl=1\",\"contentUrl\":\"https:\/\/i0.wp.com\/travortour.com\/wp-content\/uploads\/2023\/06\/Travor-copy-01.png?fit=492%2C321&ssl=1\",\"width\":492,\"height\":321,\"caption\":\"Travor\"},\"image\":{\"@id\":\"https:\/\/travortour.com\/#\/schema\/logo\/image\/\"},\"sameAs\":[\"https:\/\/www.facebook.com\/travortour\",\"https:\/\/x.com\/travortour\"]}]}<\/script>\n<!-- \/ Yoast SEO Premium plugin. -->","yoast_head_json":{"title":"Todos los Art\u00edculos - Travor","description":"Tutankam\u00f3n, el joven fara\u00f3n que ascendi\u00f3 al trono a una edad temprana y cuya tumba fue uno de los descubrimientos arqueol\u00f3gicos m\u00e1s importantes del siglo XX. Aunque su reinado fue breve, su legado ha perdurado a trav\u00e9s de los siglos, principalmente debido al","robots":{"index":"index","follow":"follow","max-snippet":"max-snippet:-1","max-image-preview":"max-image-preview:large","max-video-preview":"max-video-preview:-1"},"canonical":"https:\/\/travortour.com\/es_es\/tutankamon\/","og_locale":"es_ES","og_type":"article","og_title":"Todos los Art\u00edculos - Travor","og_description":"Tutankam\u00f3n, el joven fara\u00f3n que ascendi\u00f3 al trono a una edad temprana y cuya tumba fue uno de los descubrimientos arqueol\u00f3gicos m\u00e1s importantes del siglo XX. Aunque su reinado fue breve, su legado ha perdurado a trav\u00e9s de los siglos, principalmente debido al","og_url":"https:\/\/travortour.com\/es_es\/tutankamon\/","og_site_name":"Travor","article_publisher":"https:\/\/www.facebook.com\/travortour","article_modified_time":"2024-11-02T17:33:51+00:00","og_image":[{"url":"https:\/\/travortour.com\/wp-content\/uploads\/2024\/10\/Picture7-700x450.jpg"}],"twitter_card":"summary_large_image","twitter_site":"@travortour","twitter_misc":{"Tiempo de lectura":"1 minuto"},"schema":{"@context":"https:\/\/schema.org","@graph":[{"@type":"WebPage","@id":"https:\/\/travortour.com\/tutankamon\/","url":"https:\/\/travortour.com\/tutankamon\/","name":"Todos los Art\u00edculos - Travor","isPartOf":{"@id":"https:\/\/travortour.com\/#website"},"primaryImageOfPage":{"@id":"https:\/\/travortour.com\/tutankamon\/#primaryimage"},"image":{"@id":"https:\/\/travortour.com\/tutankamon\/#primaryimage"},"thumbnailUrl":"https:\/\/travortour.com\/wp-content\/uploads\/2024\/10\/Picture7-700x450.jpg","datePublished":"2024-10-21T22:54:06+00:00","dateModified":"2024-11-02T17:33:51+00:00","description":"Tutankam\u00f3n, el joven fara\u00f3n que ascendi\u00f3 al trono a una edad temprana y cuya tumba fue uno de los descubrimientos arqueol\u00f3gicos m\u00e1s importantes del siglo XX. Aunque su reinado fue breve, su legado ha perdurado a trav\u00e9s de los siglos, principalmente debido al","inLanguage":"es","potentialAction":[{"@type":"ReadAction","target":["https:\/\/travortour.com\/tutankamon\/"]}]},{"@type":"ImageObject","inLanguage":"es","@id":"https:\/\/travortour.com\/tutankamon\/#primaryimage","url":"https:\/\/travortour.com\/wp-content\/uploads\/2024\/10\/Picture7-700x450.jpg","contentUrl":"https:\/\/travortour.com\/wp-content\/uploads\/2024\/10\/Picture7-700x450.jpg"},{"@type":"WebSite","@id":"https:\/\/travortour.com\/#website","url":"https:\/\/travortour.com\/","name":"travortour","description":"Book your holidays","publisher":{"@id":"https:\/\/travortour.com\/#organization"},"alternateName":"es.travortour.com","potentialAction":[{"@type":"SearchAction","target":{"@type":"EntryPoint","urlTemplate":"https:\/\/travortour.com\/?s={search_term_string}"},"query-input":{"@type":"PropertyValueSpecification","valueRequired":true,"valueName":"search_term_string"}}],"inLanguage":"es"},{"@type":"Organization","@id":"https:\/\/travortour.com\/#organization","name":"Travor","alternateName":"Travor","url":"https:\/\/travortour.com\/","logo":{"@type":"ImageObject","inLanguage":"es","@id":"https:\/\/travortour.com\/#\/schema\/logo\/image\/","url":"https:\/\/i0.wp.com\/travortour.com\/wp-content\/uploads\/2023\/06\/Travor-copy-01.png?fit=492%2C321&ssl=1","contentUrl":"https:\/\/i0.wp.com\/travortour.com\/wp-content\/uploads\/2023\/06\/Travor-copy-01.png?fit=492%2C321&ssl=1","width":492,"height":321,"caption":"Travor"},"image":{"@id":"https:\/\/travortour.com\/#\/schema\/logo\/image\/"},"sameAs":["https:\/\/www.facebook.com\/travortour","https:\/\/x.com\/travortour"]}]}},"_links":{"self":[{"href":"https:\/\/travortour.com\/es_es\/wp-json\/wp\/v2\/pages\/13287","targetHints":{"allow":["GET"]}}],"collection":[{"href":"https:\/\/travortour.com\/es_es\/wp-json\/wp\/v2\/pages"}],"about":[{"href":"https:\/\/travortour.com\/es_es\/wp-json\/wp\/v2\/types\/page"}],"author":[{"embeddable":true,"href":"https:\/\/travortour.com\/es_es\/wp-json\/wp\/v2\/users\/677"}],"replies":[{"embeddable":true,"href":"https:\/\/travortour.com\/es_es\/wp-json\/wp\/v2\/comments?post=13287"}],"version-history":[{"count":4,"href":"https:\/\/travortour.com\/es_es\/wp-json\/wp\/v2\/pages\/13287\/revisions"}],"predecessor-version":[{"id":14188,"href":"https:\/\/travortour.com\/es_es\/wp-json\/wp\/v2\/pages\/13287\/revisions\/14188"}],"wp:attachment":[{"href":"https:\/\/travortour.com\/es_es\/wp-json\/wp\/v2\/media?parent=13287"}],"wp:term":[{"taxonomy":"category","embeddable":true,"href":"https:\/\/travortour.com\/es_es\/wp-json\/wp\/v2\/categories?post=13287"},{"taxonomy":"post_tag","embeddable":true,"href":"https:\/\/travortour.com\/es_es\/wp-json\/wp\/v2\/tags?post=13287"}],"curies":[{"name":"wp","href":"https:\/\/api.w.org\/{rel}","templated":true}]}}